{"id":69,"date":"2021-03-11T16:27:05","date_gmt":"2021-03-11T16:27:05","guid":{"rendered":"https:\/\/www.cssigniter.com\/demos\/spencer\/?page_id=69"},"modified":"2024-12-31T11:31:10","modified_gmt":"2024-12-31T10:31:10","slug":"formacion","status":"publish","type":"page","link":"https:\/\/seapc-pacientecritico.org\/?page_id=69","title":{"rendered":"Formaci\u00f3n"},"content":{"rendered":"\n<p>Todos los cursos est\u00e1n impartidos por<strong> docentes especialistas y con amplia experiencia<\/strong> en el tema, estando todos los recursos<strong> acreditados por la comisi\u00f3n nacional de formaci\u00f3n continuada <\/strong>para profesionales sanitarios, <strong>baremables para bolsas de trabajo y oposiciones nacionales. <\/strong><\/p>\n\n\n\n<div id=\"block-a289fa-d029-46\" class=\"wp-block-gutenbee-container block-a289fa-d029-46\"><style>.wp-block-gutenbee-container.block-a289fa-d029-46 { padding: 30px 30px 30px 30px; }<\/style><div class=\"wp-block-gutenbee-container-inner\"><div class=\"wp-block-gutenbee-container-row wp-block-gutenbee-container-lg\">\n<div class=\"wp-block-gutenbee-column block-e714ac-469e-44\"><style>@media (max-width: 991px) {\n        .wp-block-gutenbee-column.block-e714ac-469e-44 { flex-basis: 33%; }\n      }\n    \n\n      @media (max-width: 575px) {\n        .wp-block-gutenbee-column.block-e714ac-469e-44 { flex-basis: 100%; }\n      }<\/style><div class=\"wp-block-gutenbee-column-content\">\n<div id=\"block-48342d-3fd4-49\" class=\"wp-block-gutenbee-icon block-48342d-3fd4-49 gutenbee-icon-block align-center gutenbee-icon-block-framed gutenbee-icon-block-shape-circle\"><style>.gutenbee-icon-block.block-48342d-3fd4-49 .gutenbee-icon-block-icon-wrap { font-size: 24px; }\n.gutenbee-icon-block.block-48342d-3fd4-49 svg { width: 24px; height: 24px; }<\/style><span class=\"gutenbee-icon-block-icon-wrap\" style=\"color:#134564;background-color:;border-color:#134564;width:2em;height:2em;border-width:3px\"><svg viewBox=\"0 0 24 24\" class=\"wp-block-gutenbee-icon-icon\" preserveAspectRatio=\"xMidYMid meet\"><path fill=\"#5c6671\" d=\"M21.008 17.582c-2.4-.691-4.54-2.041-5.087-2.402l-.366-1.099c.952-1.153 1.597-2.675 1.759-4.128.43-.665.688-1.883.688-2.287 0-.187-.054-.744-.424-1.173l.2-2.35c.158-1.856-1.088-3.512-2.9-3.853-2.042-.386-3.716-.386-5.755-.001C7.312.63 6.066 2.287 6.224 4.142l.2 2.351C6.054 6.922 6 7.478 6 7.665c0 .404.258 1.623.688 2.287.161 1.453.806 2.974 1.759 4.128l-.366 1.099c-.546.361-2.683 1.709-5.087 2.402-1.762.508-2.993 2.127-2.993 3.938v.48c0 1.103.897 2 2 2h20.001c1.103 0 2-.897 2-2v-.48c0-1.811-1.231-3.43-2.993-3.938zM12.001 15c-1.619 0-3.07-1.501-3.818-3.282l3.815-1.67 3.802 1.714c-.753 1.763-2.194 3.239-3.799 3.239zm-2.768-.117c.804.686 1.749 1.117 2.768 1.117s1.963-.431 2.768-1.117l.258.775a.503.503 0 00.186.251c.03.021.257.175.611.395l-2.563 1.424a2.585 2.585 0 01-2.522 0l-2.563-1.424c.354-.22.581-.374.61-.394a.501.501 0 00.187-.248l.259-.779zm.075-13.612c1.918-.362 3.464-.362 5.384.001 1.305.246 2.203 1.444 2.089 2.786l-.148 1.734a10.026 10.026 0 00-2.657-1.037c-.122-.987-.956-1.757-1.976-1.757s-1.854.77-1.976 1.757a9.978 9.978 0 00-2.657 1.037l-.148-1.735c-.114-1.342.783-2.54 2.088-2.786zm1.693 3.728c0-.551.449-1 1-1s1 .449 1 1-.449 1-1 1-1-.449-1-1zM7.228 7.075c.004-.003.006-.008.011-.011l.009-.003c.013-.01 1.165-.881 2.902-1.311.298.731 1.014 1.249 1.851 1.249s1.553-.518 1.851-1.249c1.736.43 2.889 1.301 2.902 1.311l.009.004.01.011c.158.11.228.376.228.59 0 .262-.255 1.399-.567 1.8a.5.5 0 00-.103.26c-.033.36-.103.725-.201 1.086l-3.924-1.769a.503.503 0 00-.406-.002l-3.941 1.726a6.381 6.381 0 01-.188-1.039.502.502 0 00-.104-.263c-.311-.401-.566-1.537-.566-1.799 0-.214.071-.48.228-.591zM23.001 22c0 .551-.449 1-1 1H2c-.551 0-1-.449-1-1v-.48c0-1.389.912-2.586 2.27-2.977 1.522-.438 2.911-1.108 3.92-1.663.023.019.04.042.067.057l2.997 1.665c.546.304 1.147.456 1.746.456s1.2-.152 1.746-.456l2.997-1.665c.027-.015.044-.039.067-.057 1.009.556 2.399 1.225 3.92 1.663 1.358.391 2.27 1.587 2.27 2.977V22zm-5-1.5a.5.5 0 01-.5.5h-.5v.5a.5.5 0 01-1 0V21h-.5a.5.5 0 010-1h.5v-.5a.5.5 0 011 0v.5h.5a.5.5 0 01.5.5z\"><\/path><\/svg><\/span><\/div>\n\n\n\n<h3 id=\"block-71dd78-c390-48\" class=\"wp-block-gutenbee-heading block-71dd78-c390-48\">DOCENTES ESPECIALISTAS<\/h3><style>.wp-block-gutenbee-heading.block-71dd78-c390-48 { margin-bottom: 10px; font-size: 16px; text-align: center; }<\/style>\n\n\n\n<p class=\"has-text-align-center\">Todos los cursos est\u00e1n impartidos por<strong> docentes especialistas y con amplia experiencia<\/strong> en el tema<\/p>\n<\/div><\/div>\n\n\n\n<div class=\"wp-block-gutenbee-column block-f33a8a-425b-45\"><style>@media (max-width: 991px) {\n        .wp-block-gutenbee-column.block-f33a8a-425b-45 { flex-basis: 33%; }\n      }\n    \n\n      @media (max-width: 575px) {\n        .wp-block-gutenbee-column.block-f33a8a-425b-45 { flex-basis: 100%; }\n      }<\/style><div class=\"wp-block-gutenbee-column-content\">\n<div id=\"block-f5a99c-c70d-4e\" class=\"wp-block-gutenbee-icon block-f5a99c-c70d-4e gutenbee-icon-block align-center gutenbee-icon-block-framed gutenbee-icon-block-shape-circle\"><style>.gutenbee-icon-block.block-f5a99c-c70d-4e .gutenbee-icon-block-icon-wrap { font-size: 24px; }\n.gutenbee-icon-block.block-f5a99c-c70d-4e svg { width: 24px; height: 24px; }<\/style><span class=\"gutenbee-icon-block-icon-wrap\" style=\"color:#134564;background-color:;border-color:#134564;width:2em;height:2em;border-width:3px\"><svg viewBox=\"0 0 24 24\" class=\"wp-block-gutenbee-icon-icon\" preserveAspectRatio=\"xMidYMid meet\"><path fill=\"#5c6671\" d=\"M23.846 11.138l-11.5-11a.5.5 0 00-.691 0l-11.5 11a.5.5 0 00.346.861h1.5v10c0 1.103.897 2 2 2h16c1.103 0 2-.897 2-2v-10h1.5a.5.5 0 00.346-.861zM21.5 11a.5.5 0 00-.5.5V22c0 .551-.449 1-1 1H4c-.551 0-1-.449-1-1V11.5a.5.5 0 00-.5-.5h-.754L12 1.192 22.254 11H21.5zm-15 3.5c0 3.033 2.467 5.5 5.5 5.5s5.5-2.467 5.5-5.5S15.033 9 12 9s-5.5 2.467-5.5 5.5zm10 0c0 2.481-2.019 4.5-4.5 4.5s-4.5-2.019-4.5-4.5S9.519 10 12 10s4.5 2.019 4.5 4.5zM11 15.793l3.146-3.146a.5.5 0 01.707.707l-3.5 3.5a.498.498 0 01-.708 0l-2-2a.5.5 0 01.707-.707l1.647 1.646z\"><\/path><\/svg><\/span><\/div>\n\n\n\n<h3 id=\"block-f2738b-2fa1-40\" class=\"wp-block-gutenbee-heading block-f2738b-2fa1-40\">CURSOS ACREDITADOS<\/h3><style>.wp-block-gutenbee-heading.block-f2738b-2fa1-40 { margin-bottom: 10px; font-size: 16px; text-align: center; }<\/style>\n\n\n\n<p class=\"has-text-align-center\"> Todos los recursos est\u00e1n <strong>acreditados por la comisi\u00f3n nacional de formaci\u00f3n continuada <\/strong>para profesionales sanitarios<\/p>\n<\/div><\/div>\n\n\n\n<div class=\"wp-block-gutenbee-column block-6d22bf-3250-48\"><style>@media (max-width: 991px) {\n        .wp-block-gutenbee-column.block-6d22bf-3250-48 { flex-basis: 33%; }\n      }\n    \n\n      @media (max-width: 575px) {\n        .wp-block-gutenbee-column.block-6d22bf-3250-48 { flex-basis: 100%; }\n      }<\/style><div class=\"wp-block-gutenbee-column-content\">\n<div id=\"block-1f51e8-b71c-4e\" class=\"wp-block-gutenbee-icon block-1f51e8-b71c-4e gutenbee-icon-block align-center gutenbee-icon-block-framed gutenbee-icon-block-shape-circle\"><style>.gutenbee-icon-block.block-1f51e8-b71c-4e .gutenbee-icon-block-icon-wrap { font-size: 24px; }\n.gutenbee-icon-block.block-1f51e8-b71c-4e svg { width: 24px; height: 24px; }<\/style><span class=\"gutenbee-icon-block-icon-wrap\" style=\"color:#134564;background-color:;border-color:#134564;width:2em;height:2em;border-width:3px\"><svg viewBox=\"0 0 24 24\" class=\"wp-block-gutenbee-icon-icon\" preserveAspectRatio=\"xMidYMid meet\"><path fill=\"#5c6671\" d=\"M12 0C5.383 0 0 5.383 0 12s5.383 12 12 12 12-5.383 12-12S18.617 0 12 0zm0 23C5.935 23 1 18.065 1 12S5.935 1 12 1s11 4.935 11 11-4.935 11-11 11zm6.854-15.854a.5.5 0 010 .707l-8.5 8.5a.498.498 0 01-.708 0l-5-5a.5.5 0 01.707-.707l4.646 4.646 8.146-8.146a.5.5 0 01.707 0z\"><\/path><\/svg><\/span><\/div>\n\n\n\n<h3 id=\"block-3d1bc1-b2a8-43\" class=\"wp-block-gutenbee-heading block-3d1bc1-b2a8-43\">cursos baremables<\/h3><style>.wp-block-gutenbee-heading.block-3d1bc1-b2a8-43 { margin-bottom: 10px; font-size: 16px; text-align: center; }<\/style>\n\n\n\n<p class=\"has-text-align-center\">Todos los cursos son <strong>baremables para bolsas de trabajo y oposiciones nacionales.<\/strong> .<\/p>\n<\/div><\/div>\n<\/div><\/div><div class=\"wp-block-gutenbee-container-background\" data-parallax-speed=\"0.3\" style=\"background-color:#6ec1e5\"><\/div><\/div>\n\n\n\n<hr class=\"wp-block-separator has-alpha-channel-opacity\"\/>\n\n\n<div\n\t\t\t\tid=\"block-e255e3-e91d-4c\"\n\t\t\t\tclass=\"wp-block-gutenbee-post-types block-e255e3-e91d-4c is-style-ignition-spencer-item-alt\"\n\t\t\t\t\t\t\t><div class=\"row row-items row-columns-3\">\t\t\t\t<div class=\"cursos term-32 col-lg-4 col-sm-6 col-12\">\n\n<article id=\"entry-46\" class=\"entry-item post-46 post type-post status-publish format-standard has-post-thumbnail hentry category-cursos\">\n\t<header class=\"entry-header\"><h2 class=\"entry-title\"><a href=\"https:\/\/seapc-pacientecritico.org\/?p=46\">Curso ejemplo 03<\/a><\/h2><div class=\"entry-meta\">\t\t<span class=\"entry-meta-item entry-date\">\n\t\t\t<time datetime=\"2021-03-11T09:14:35+01:00\">11 de marzo de 2021<\/time>\n\t\t<\/span>\n\t\t<\/div><\/header>\n\t\t<figure class=\"entry-thumb\">\n\t\t<a href=\"https:\/\/seapc-pacientecritico.org\/?p=46\">\n\t\t\t<img loading=\"lazy\" decoding=\"async\" width=\"770\" height=\"513\" src=\"https:\/\/seapc-pacientecritico.org\/wp-content\/uploads\/2021\/03\/hero_spencer-770x513.jpg\" class=\"attachment-post-thumbnail size-post-thumbnail wp-post-image\" alt=\"\" srcset=\"https:\/\/seapc-pacientecritico.org\/wp-content\/uploads\/2021\/03\/hero_spencer-770x513.jpg 770w, https:\/\/seapc-pacientecritico.org\/wp-content\/uploads\/2021\/03\/hero_spencer-1170x780.jpg 1170w\" sizes=\"auto, (max-width: 770px) 100vw, 770px\" \/>\t\t<\/a>\n\t<\/figure>\n\t\n\t<div class=\"entry-item-content-wrap\">\n\n\t\t<div class=\"entry-item-excerpt\">\n\t\t\t<p>Lorem ipsum dolor sit amet, consectetur adipiscing elit. Aenean sit amet scelerisque tellus. Integer in dolor lacinia, vestibulum justo nec, faucibus ipsum. Pellentesque a rhoncus urna, a pellentesque dolor. Nullam dapibus tellus eu orci congue [&hellip;]<\/p>\n\t\t<\/div>\n\n\t\t<div class=\"entry-more-wrap\">\n\t\t\t<a href=\"https:\/\/seapc-pacientecritico.org\/?p=46\" class=\"btn entry-more-btn\">\n\t\t\t\tRead More\t\t\t<\/a>\n\t\t<\/div>\n\t<\/div>\n<\/article>\n\n<\/div>\t\t\t\t<div class=\"cursos term-32 col-lg-4 col-sm-6 col-12\">\n\n<article id=\"entry-45\" class=\"entry-item post-45 post type-post status-publish format-standard has-post-thumbnail hentry category-cursos\">\n\t<header class=\"entry-header\"><h2 class=\"entry-title\"><a href=\"https:\/\/seapc-pacientecritico.org\/?p=45\">Curso seapc<\/a><\/h2><div class=\"entry-meta\">\t\t<span class=\"entry-meta-item entry-date\">\n\t\t\t<time datetime=\"2021-03-11T09:13:11+01:00\">11 de marzo de 2021<\/time>\n\t\t<\/span>\n\t\t<\/div><\/header>\n\t\t<figure class=\"entry-thumb\">\n\t\t<a href=\"https:\/\/seapc-pacientecritico.org\/?p=45\">\n\t\t\t<img loading=\"lazy\" decoding=\"async\" width=\"770\" height=\"513\" src=\"https:\/\/seapc-pacientecritico.org\/wp-content\/uploads\/2021\/03\/spencer03-770x513.jpg\" class=\"attachment-post-thumbnail size-post-thumbnail wp-post-image\" alt=\"\" srcset=\"https:\/\/seapc-pacientecritico.org\/wp-content\/uploads\/2021\/03\/spencer03-770x513.jpg 770w, https:\/\/seapc-pacientecritico.org\/wp-content\/uploads\/2021\/03\/spencer03-300x200.jpg 300w, https:\/\/seapc-pacientecritico.org\/wp-content\/uploads\/2021\/03\/spencer03-1024x683.jpg 1024w, https:\/\/seapc-pacientecritico.org\/wp-content\/uploads\/2021\/03\/spencer03-768x512.jpg 768w, https:\/\/seapc-pacientecritico.org\/wp-content\/uploads\/2021\/03\/spencer03-1170x780.jpg 1170w, https:\/\/seapc-pacientecritico.org\/wp-content\/uploads\/2021\/03\/spencer03-555x370.jpg 555w, https:\/\/seapc-pacientecritico.org\/wp-content\/uploads\/2021\/03\/spencer03.jpg 1200w\" sizes=\"auto, (max-width: 770px) 100vw, 770px\" \/>\t\t<\/a>\n\t<\/figure>\n\t\n\t<div class=\"entry-item-content-wrap\">\n\n\t\t<div class=\"entry-item-excerpt\">\n\t\t\t<p>Lorem ipsum dolor sit amet, consectetur adipiscing elit. Aenean sit amet scelerisque tellus. Integer in dolor lacinia, vestibulum justo nec, faucibus ipsum. Pellentesque a rhoncus urna, a pellentesque dolor. Nullam dapibus tellus eu orci congue [&hellip;]<\/p>\n\t\t<\/div>\n\n\t\t<div class=\"entry-more-wrap\">\n\t\t\t<a href=\"https:\/\/seapc-pacientecritico.org\/?p=45\" class=\"btn entry-more-btn\">\n\t\t\t\tRead More\t\t\t<\/a>\n\t\t<\/div>\n\t<\/div>\n<\/article>\n\n<\/div><\/div><\/div>\n\n\n<hr class=\"wp-block-separator has-alpha-channel-opacity\"\/>\n\n\n\n<h3 class=\"wp-block-heading has-text-align-center has-background\" style=\"background:linear-gradient(135deg,rgb(105,184,214) 0%,rgb(105,184,214) 100%)\">inscr\u00edbete a nuestros cursos<\/h3>\n\n\n\n<div class=\"wp-block-contact-form-7-contact-form-selector\">\n<div class=\"wpcf7 no-js\" id=\"wpcf7-f181-o1\" lang=\"en-US\" dir=\"ltr\" data-wpcf7-id=\"181\">\n<div class=\"screen-reader-response\"><p role=\"status\" aria-live=\"polite\" aria-atomic=\"true\"><\/p> <ul><\/ul><\/div>\n<form action=\"\/index.php?rest_route=%2Fwp%2Fv2%2Fpages%2F69#wpcf7-f181-o1\" method=\"post\" class=\"wpcf7-form init\" aria-label=\"Contact form\" novalidate=\"novalidate\" data-status=\"init\">\n<div style=\"display: none;\">\n<input type=\"hidden\" name=\"_wpcf7\" value=\"181\" \/>\n<input type=\"hidden\" name=\"_wpcf7_version\" value=\"6.0.2\" \/>\n<input type=\"hidden\" name=\"_wpcf7_locale\" value=\"en_US\" \/>\n<input type=\"hidden\" name=\"_wpcf7_unit_tag\" value=\"wpcf7-f181-o1\" \/>\n<input type=\"hidden\" name=\"_wpcf7_container_post\" value=\"0\" \/>\n<input type=\"hidden\" name=\"_wpcf7_posted_data_hash\" value=\"\" \/>\n<\/div>\n<p><label> Nombre y apellidos<br \/>\n<span class=\"wpcf7-form-control-wrap\" data-name=\"your-name\"><input size=\"40\" maxlength=\"400\" class=\"wpcf7-form-control wpcf7-text wpcf7-validates-as-required\" aria-required=\"true\" aria-invalid=\"false\" value=\"\" type=\"text\" name=\"your-name\" \/><\/span> <\/label>\n<\/p>\n<p><label> DNI<br \/>\n<span class=\"wpcf7-form-control-wrap\" data-name=\"dni\"><input size=\"40\" maxlength=\"400\" class=\"wpcf7-form-control wpcf7-text wpcf7-validates-as-required\" aria-required=\"true\" aria-invalid=\"false\" value=\"\" type=\"text\" name=\"dni\" \/><\/span> <\/label>\n<\/p>\n<p><label> Direcci\u00f3n completa, c\u00f3digo postal y localidad<br \/>\n<span class=\"wpcf7-form-control-wrap\" data-name=\"direccion\"><input size=\"40\" maxlength=\"400\" class=\"wpcf7-form-control wpcf7-text wpcf7-validates-as-required\" aria-required=\"true\" aria-invalid=\"false\" value=\"\" type=\"text\" name=\"direccion\" \/><\/span> <\/label>\n<\/p>\n<p><label> Fecha de nacimiento<br \/>\n<span class=\"wpcf7-form-control-wrap\" data-name=\"Fecha\"><input size=\"40\" maxlength=\"400\" class=\"wpcf7-form-control wpcf7-text wpcf7-validates-as-required\" aria-required=\"true\" aria-invalid=\"false\" value=\"\" type=\"text\" name=\"Fecha\" \/><\/span> <\/label>\n<\/p>\n<p><label> Categor\u00eda profesional<br \/>\n<span class=\"wpcf7-form-control-wrap\" data-name=\"Categoria\"><input size=\"40\" maxlength=\"400\" class=\"wpcf7-form-control wpcf7-text wpcf7-validates-as-required\" aria-required=\"true\" aria-invalid=\"false\" value=\"\" type=\"text\" name=\"Categoria\" \/><\/span> <\/label>\n<\/p>\n<p><label> Centro de trabajo<br \/>\n<span class=\"wpcf7-form-control-wrap\" data-name=\"centro\"><input size=\"40\" maxlength=\"400\" class=\"wpcf7-form-control wpcf7-text wpcf7-validates-as-required\" aria-required=\"true\" aria-invalid=\"false\" value=\"\" type=\"text\" name=\"centro\" \/><\/span> <\/label>\n<\/p>\n<p><label> N\u00ba de socio SEAPC<br \/>\n<span class=\"wpcf7-form-control-wrap\" data-name=\"socio\"><input size=\"40\" maxlength=\"400\" class=\"wpcf7-form-control wpcf7-text wpcf7-validates-as-required\" aria-required=\"true\" aria-invalid=\"false\" value=\"\" type=\"text\" name=\"socio\" \/><\/span> <\/label>\n<\/p>\n<p><label> Nombre del curso al que quieres inscribirte<br \/>\n<span class=\"wpcf7-form-control-wrap\" data-name=\"Curso\"><input size=\"40\" maxlength=\"400\" class=\"wpcf7-form-control wpcf7-text wpcf7-validates-as-required\" aria-required=\"true\" aria-invalid=\"false\" value=\"\" type=\"text\" name=\"Curso\" \/><\/span> <\/label>\n<\/p>\n<p><label> Correo electr\u00f3nico<br \/>\n<span class=\"wpcf7-form-control-wrap\" data-name=\"your-email\"><input size=\"40\" maxlength=\"400\" class=\"wpcf7-form-control wpcf7-email wpcf7-validates-as-required wpcf7-text wpcf7-validates-as-email\" aria-required=\"true\" aria-invalid=\"false\" value=\"\" type=\"email\" name=\"your-email\" \/><\/span> <\/label>\n<\/p>\n<p><input class=\"wpcf7-form-control wpcf7-submit has-spinner Enviar\" type=\"submit\" value=\"enviar\" \/>\n<\/p><div class=\"wpcf7-response-output\" aria-hidden=\"true\"><\/div>\n<\/form>\n<\/div>\n<\/div>\n","protected":false},"excerpt":{"rendered":"<p>Todos los cursos est\u00e1n impartidos por docentes especialistas y con amplia experiencia en el tema, estando todos los recursos acreditados por la comisi\u00f3n nacional de formaci\u00f3n continuada para profesionales sanitarios, baremables para bolsas de trabajo [&hellip;]<\/p>\n","protected":false},"author":1,"featured_media":0,"parent":0,"menu_order":0,"comment_status":"closed","ping_status":"closed","template":"templates\/template-fullwidth-boxed.php","meta":{"footnotes":""},"class_list":["post-69","page","type-page","status-publish","hentry"],"_links":{"self":[{"href":"https:\/\/seapc-pacientecritico.org\/index.php?rest_route=\/wp\/v2\/pages\/69","targetHints":{"allow":["GET"]}}],"collection":[{"href":"https:\/\/seapc-pacientecritico.org\/index.php?rest_route=\/wp\/v2\/pages"}],"about":[{"href":"https:\/\/seapc-pacientecritico.org\/index.php?rest_route=\/wp\/v2\/types\/page"}],"author":[{"embeddable":true,"href":"https:\/\/seapc-pacientecritico.org\/index.php?rest_route=\/wp\/v2\/users\/1"}],"replies":[{"embeddable":true,"href":"https:\/\/seapc-pacientecritico.org\/index.php?rest_route=%2Fwp%2Fv2%2Fcomments&post=69"}],"version-history":[{"count":8,"href":"https:\/\/seapc-pacientecritico.org\/index.php?rest_route=\/wp\/v2\/pages\/69\/revisions"}],"predecessor-version":[{"id":297,"href":"https:\/\/seapc-pacientecritico.org\/index.php?rest_route=\/wp\/v2\/pages\/69\/revisions\/297"}],"wp:attachment":[{"href":"https:\/\/seapc-pacientecritico.org\/index.php?rest_route=%2Fwp%2Fv2%2Fmedia&parent=69"}],"curies":[{"name":"wp","href":"https:\/\/api.w.org\/{rel}","templated":true}]}}